{"id":1904,"date":"2016-08-25T21:03:57","date_gmt":"2016-08-25T19:03:57","guid":{"rendered":"http:\/\/www.paolobtat2.com\/?page_id=1904"},"modified":"2026-01-31T15:41:10","modified_gmt":"2026-01-31T14:41:10","slug":"paolo-b","status":"publish","type":"page","link":"https:\/\/paolobtat2.com\/index.php\/paolo-b\/","title":{"rendered":"Paolo B."},"content":{"rendered":"\t\t<div data-elementor-type=\"wp-page\" data-elementor-id=\"1904\" class=\"elementor elementor-1904\" data-elementor-post-type=\"page\">\n\t\t\t\t\t\t<section class=\"elementor-section elementor-top-section elementor-element elementor-element-3822943 elementor-section-boxed elementor-section-height-default elementor-section-height-default\" data-id=\"3822943\" data-element_type=\"section\">\n\t\t\t\t\t\t<div class=\"elementor-container elementor-column-gap-default\">\n\t\t\t\t\t<div class=\"elementor-column elementor-col-100 elementor-top-column elementor-element elementor-element-340a4c8\" data-id=\"340a4c8\" data-element_type=\"column\">\n\t\t\t<div class=\"elementor-widget-wrap elementor-element-populated\">\n\t\t\t\t\t\t<div class=\"elementor-element elementor-element-e88862e elementor-widget__width-inherit elementor-widget elementor-widget-image\" data-id=\"e88862e\" data-element_type=\"widget\" data-widget_type=\"image.default\">\n\t\t\t\t<div class=\"elementor-widget-container\">\n\t\t\t\t\t\t\t\t\t\t\t\t\t\t\t<img fetchpriority=\"high\" decoding=\"async\" data-attachment-id=\"2634\" data-permalink=\"https:\/\/paolobtat2.com\/index.php\/paolo-b\/immagine-whatsapp-2023-04-28-ore-12-02-03\/\" data-orig-file=\"https:\/\/i0.wp.com\/paolobtat2.com\/wp-content\/uploads\/2023\/04\/Immagine-WhatsApp-2023-04-28-ore-12.02.03.jpg?fit=856%2C844&amp;ssl=1\" data-orig-size=\"856,844\" data-comments-opened=\"0\" data-image-meta=\"{&quot;aperture&quot;:&quot;0&quot;,&quot;credit&quot;:&quot;&quot;,&quot;camera&quot;:&quot;&quot;,&quot;caption&quot;:&quot;&quot;,&quot;created_timestamp&quot;:&quot;0&quot;,&quot;copyright&quot;:&quot;&quot;,&quot;focal_length&quot;:&quot;0&quot;,&quot;iso&quot;:&quot;0&quot;,&quot;shutter_speed&quot;:&quot;0&quot;,&quot;title&quot;:&quot;&quot;,&quot;orientation&quot;:&quot;0&quot;}\" data-image-title=\"Immagine WhatsApp 2023-04-28 ore 12.02.03\" data-image-description=\"\" data-image-caption=\"\" data-large-file=\"https:\/\/i0.wp.com\/paolobtat2.com\/wp-content\/uploads\/2023\/04\/Immagine-WhatsApp-2023-04-28-ore-12.02.03.jpg?fit=800%2C789&amp;ssl=1\" width=\"300\" height=\"296\" src=\"https:\/\/i0.wp.com\/paolobtat2.com\/wp-content\/uploads\/2023\/04\/Immagine-WhatsApp-2023-04-28-ore-12.02.03.jpg?fit=300%2C296&amp;ssl=1\" class=\"attachment-medium size-medium wp-image-2634\" alt=\"\" srcset=\"https:\/\/i0.wp.com\/paolobtat2.com\/wp-content\/uploads\/2023\/04\/Immagine-WhatsApp-2023-04-28-ore-12.02.03.jpg?w=856&amp;ssl=1 856w, https:\/\/i0.wp.com\/paolobtat2.com\/wp-content\/uploads\/2023\/04\/Immagine-WhatsApp-2023-04-28-ore-12.02.03.jpg?resize=300%2C296&amp;ssl=1 300w, https:\/\/i0.wp.com\/paolobtat2.com\/wp-content\/uploads\/2023\/04\/Immagine-WhatsApp-2023-04-28-ore-12.02.03.jpg?resize=768%2C757&amp;ssl=1 768w\" sizes=\"(max-width: 300px) 100vw, 300px\" data-attachment-id=\"2634\" data-permalink=\"https:\/\/paolobtat2.com\/index.php\/paolo-b\/immagine-whatsapp-2023-04-28-ore-12-02-03\/\" data-orig-file=\"https:\/\/i0.wp.com\/paolobtat2.com\/wp-content\/uploads\/2023\/04\/Immagine-WhatsApp-2023-04-28-ore-12.02.03.jpg?fit=856%2C844&amp;ssl=1\" data-orig-size=\"856,844\" data-comments-opened=\"0\" data-image-meta=\"{&quot;aperture&quot;:&quot;0&quot;,&quot;credit&quot;:&quot;&quot;,&quot;camera&quot;:&quot;&quot;,&quot;caption&quot;:&quot;&quot;,&quot;created_timestamp&quot;:&quot;0&quot;,&quot;copyright&quot;:&quot;&quot;,&quot;focal_length&quot;:&quot;0&quot;,&quot;iso&quot;:&quot;0&quot;,&quot;shutter_speed&quot;:&quot;0&quot;,&quot;title&quot;:&quot;&quot;,&quot;orientation&quot;:&quot;0&quot;}\" data-image-title=\"Immagine WhatsApp 2023-04-28 ore 12.02.03\" data-image-description=\"\" data-image-caption=\"\" data-large-file=\"https:\/\/i0.wp.com\/paolobtat2.com\/wp-content\/uploads\/2023\/04\/Immagine-WhatsApp-2023-04-28-ore-12.02.03.jpg?fit=800%2C789&amp;ssl=1\" \/>\t\t\t\t\t\t\t\t\t\t\t\t\t\t\t<\/div>\n\t\t\t\t<\/div>\n\t\t\t\t<div class=\"elementor-element elementor-element-a843c7f elementor-widget elementor-widget-spacer\" data-id=\"a843c7f\" data-element_type=\"widget\" data-widget_type=\"spacer.default\">\n\t\t\t\t<div class=\"elementor-widget-container\">\n\t\t\t\t\t\t\t<div class=\"elementor-spacer\">\n\t\t\t<div class=\"elementor-spacer-inner\"><\/div>\n\t\t<\/div>\n\t\t\t\t\t\t<\/div>\n\t\t\t\t<\/div>\n\t\t\t\t\t<\/div>\n\t\t<\/div>\n\t\t\t\t\t<\/div>\n\t\t<\/section>\n\t\t\t\t<section class=\"elementor-section elementor-top-section elementor-element elementor-element-cd77ec3 elementor-section-boxed elementor-section-height-default elementor-section-height-default\" data-id=\"cd77ec3\" data-element_type=\"section\">\n\t\t\t\t\t\t<div class=\"elementor-container elementor-column-gap-no\">\n\t\t\t\t\t<div class=\"elementor-column elementor-col-100 elementor-top-column elementor-element elementor-element-7552fd2 liquid-glass\" data-id=\"7552fd2\" data-element_type=\"column\">\n\t\t\t<div class=\"elementor-widget-wrap elementor-element-populated\">\n\t\t\t\t\t\t<div class=\"elementor-element elementor-element-1d64c0e elementor-widget elementor-widget-text-editor\" data-id=\"1d64c0e\" data-element_type=\"widget\" data-widget_type=\"text-editor.default\">\n\t\t\t\t<div class=\"elementor-widget-container\">\n\t\t\t\t\t\t\t\t\t<p><span style=\"color: #000000;\">Paolo B. nasce come ragioniere, ma inizia a tatuare quasi per gioco, viste le sue ottime doti di disegnatore a mano libera, nel 1995, quando a Pavia pochi si destreggiano in quest\u2019ambito.<\/span><br \/><span style=\"color: #000000;\">L\u2019anno successivo, nel 1996, ottiene di poter usufruire del suo primo \u201cpseudo-studio\u201d prestatogli da un ginecologo e un dentista nei momenti in cui non viene da questi utilizzato, tatuando principalmente amici e conoscenti per fare un po\u2019 di gavetta.<\/span><br \/><span style=\"color: #000000;\">Nel 1997, vista la crescente mole di lavoro e la dimestichezza acquisita, decide di prendere in affitto un locale in Corso Garibaldi per farci il suo primo vero studio, unico in Pavia, poich\u00e9 i pochi altri in zona ancora tatuavano tra le mura domestiche.<\/span><br \/><span style=\"color: #000000;\">Finalmente nel 2001 il grande salto! Acquista il suo attuale negozio \u201cPaolo B Tatto\u201d in Via Volta, sistemato e arredato interamente da lui, nel massimo rispetto della privacy e di tutte le norme igienico sanitarie.<\/span><br \/><span style=\"color: #000000;\">Oggi, dopo 27 anni, Paolo B uno dei pi\u00f9 amati e apprezzati tatuatori della zona, nonch\u00e9 uno dei primi ad iniziare seriamente questa attivit\u00e0, presente sul campo da tempo sufficiente da poter vantare una grande esperienza nel tatuare ogni soggetto, nonostante i rifiuti di lavorare su collo, mano e viso. I minori devono essere accompagnati o avere un consenso scritto dei genitori.<\/span><br \/><span style=\"color: #000000;\">Paolo B c\u2019\u00e8 e chiuqnue desideri un tatuaggio dotato di vita propria lo pu\u00f2 travare a Pavia in Via Volta 4\/A.<\/span><\/p>\t\t\t\t\t\t\t\t<\/div>\n\t\t\t\t<\/div>\n\t\t\t\t\t<\/div>\n\t\t<\/div>\n\t\t\t\t\t<\/div>\n\t\t<\/section>\n\t\t\t\t<section class=\"elementor-section elementor-top-section elementor-element elementor-element-914490b elementor-section-full_width liquid-glass elementor-section-height-default elementor-section-height-default\" data-id=\"914490b\" data-element_type=\"section\">\n\t\t\t\t\t\t<div class=\"elementor-container elementor-column-gap-no\">\n\t\t\t\t\t<div class=\"elementor-column elementor-col-100 elementor-top-column elementor-element elementor-element-d18a7e7\" data-id=\"d18a7e7\" data-element_type=\"column\">\n\t\t\t<div class=\"elementor-widget-wrap elementor-element-populated\">\n\t\t\t\t\t\t<div class=\"elementor-element elementor-element-3567f10 elementor-widget elementor-widget-spacer\" data-id=\"3567f10\" data-element_type=\"widget\" data-widget_type=\"spacer.default\">\n\t\t\t\t<div class=\"elementor-widget-container\">\n\t\t\t\t\t\t\t<div class=\"elementor-spacer\">\n\t\t\t<div class=\"elementor-spacer-inner\"><\/div>\n\t\t<\/div>\n\t\t\t\t\t\t<\/div>\n\t\t\t\t<\/div>\n\t\t\t\t<div class=\"elementor-element elementor-element-584716d elementor-widget elementor-widget-spacer\" data-id=\"584716d\" data-element_type=\"widget\" data-widget_type=\"spacer.default\">\n\t\t\t\t<div class=\"elementor-widget-container\">\n\t\t\t\t\t\t\t<div class=\"elementor-spacer\">\n\t\t\t<div class=\"elementor-spacer-inner\"><\/div>\n\t\t<\/div>\n\t\t\t\t\t\t<\/div>\n\t\t\t\t<\/div>\n\t\t\t\t\t<\/div>\n\t\t<\/div>\n\t\t\t\t\t<\/div>\n\t\t<\/section>\n\t\t\t\t<\/div>\n\t\t","protected":false},"excerpt":{"rendered":"<p>Paolo B. nasce come ragioniere, ma inizia a tatuare quasi per gioco, viste le sue ottime doti di disegnatore a mano libera, nel 1995, quando a Pavia pochi si destreggiano in quest\u2019ambito.L\u2019anno successivo, nel 1996, ottiene di poter usufruire del suo primo \u201cpseudo-studio\u201d prestatogli da un ginecologo e un dentista nei momenti in cui non [&hellip;]<\/p>\n","protected":false},"author":2,"featured_media":0,"parent":0,"menu_order":0,"comment_status":"closed","ping_status":"closed","template":"","meta":{"footnotes":""},"class_list":["post-1904","page","type-page","status-publish","hentry"],"yoast_head":"<!-- This site is optimized with the Yoast SEO plugin v27.5 - https:\/\/yoast.com\/product\/yoast-seo-wordpress\/ -->\n<title>Paolo B. - Paolo B. Tattoo<\/title>\n<meta name=\"robots\" content=\"index, follow, max-snippet:-1, max-image-preview:large, max-video-preview:-1\" \/>\n<link rel=\"canonical\" href=\"https:\/\/paolobtat2.com\/index.php\/paolo-b\/\" \/>\n<meta property=\"og:locale\" content=\"it_IT\" \/>\n<meta property=\"og:type\" content=\"article\" \/>\n<meta property=\"og:title\" content=\"Paolo B. - Paolo B. Tattoo\" \/>\n<meta property=\"og:description\" content=\"Paolo B. nasce come ragioniere, ma inizia a tatuare quasi per gioco, viste le sue ottime doti di disegnatore a mano libera, nel 1995, quando a Pavia pochi si destreggiano in quest\u2019ambito.L\u2019anno successivo, nel 1996, ottiene di poter usufruire del suo primo \u201cpseudo-studio\u201d prestatogli da un ginecologo e un dentista nei momenti in cui non [&hellip;]\" \/>\n<meta property=\"og:url\" content=\"https:\/\/paolobtat2.com\/index.php\/paolo-b\/\" \/>\n<meta property=\"og:site_name\" content=\"Paolo B. Tattoo\" \/>\n<meta property=\"article:publisher\" content=\"https:\/\/www.facebook.com\/Paolo-B-explicit-tattoos-593008864146709\/?fref=ts\" \/>\n<meta property=\"article:modified_time\" content=\"2026-01-31T14:41:10+00:00\" \/>\n<meta property=\"og:image\" content=\"https:\/\/paolobtat2.com\/wp-content\/uploads\/2023\/04\/Immagine-WhatsApp-2023-04-28-ore-12.02.03-300x296.jpg\" \/>\n<meta name=\"twitter:card\" content=\"summary_large_image\" \/>\n<meta name=\"twitter:site\" content=\"@paolobtat2\" \/>\n<meta name=\"twitter:label1\" content=\"Tempo di lettura stimato\" \/>\n\t<meta name=\"twitter:data1\" content=\"2 minuti\" \/>\n<script type=\"application\/ld+json\" class=\"yoast-schema-graph\">{\"@context\":\"https:\\\/\\\/schema.org\",\"@graph\":[{\"@type\":\"WebPage\",\"@id\":\"https:\\\/\\\/paolobtat2.com\\\/index.php\\\/paolo-b\\\/\",\"url\":\"https:\\\/\\\/paolobtat2.com\\\/index.php\\\/paolo-b\\\/\",\"name\":\"Paolo B. - Paolo B. Tattoo\",\"isPartOf\":{\"@id\":\"https:\\\/\\\/paolobtat2.com\\\/#website\"},\"primaryImageOfPage\":{\"@id\":\"https:\\\/\\\/paolobtat2.com\\\/index.php\\\/paolo-b\\\/#primaryimage\"},\"image\":{\"@id\":\"https:\\\/\\\/paolobtat2.com\\\/index.php\\\/paolo-b\\\/#primaryimage\"},\"thumbnailUrl\":\"https:\\\/\\\/paolobtat2.com\\\/wp-content\\\/uploads\\\/2023\\\/04\\\/Immagine-WhatsApp-2023-04-28-ore-12.02.03-300x296.jpg\",\"datePublished\":\"2016-08-25T19:03:57+00:00\",\"dateModified\":\"2026-01-31T14:41:10+00:00\",\"breadcrumb\":{\"@id\":\"https:\\\/\\\/paolobtat2.com\\\/index.php\\\/paolo-b\\\/#breadcrumb\"},\"inLanguage\":\"it-IT\",\"potentialAction\":[{\"@type\":\"ReadAction\",\"target\":[\"https:\\\/\\\/paolobtat2.com\\\/index.php\\\/paolo-b\\\/\"]}]},{\"@type\":\"ImageObject\",\"inLanguage\":\"it-IT\",\"@id\":\"https:\\\/\\\/paolobtat2.com\\\/index.php\\\/paolo-b\\\/#primaryimage\",\"url\":\"https:\\\/\\\/i0.wp.com\\\/paolobtat2.com\\\/wp-content\\\/uploads\\\/2023\\\/04\\\/Immagine-WhatsApp-2023-04-28-ore-12.02.03.jpg?fit=856%2C844&ssl=1\",\"contentUrl\":\"https:\\\/\\\/i0.wp.com\\\/paolobtat2.com\\\/wp-content\\\/uploads\\\/2023\\\/04\\\/Immagine-WhatsApp-2023-04-28-ore-12.02.03.jpg?fit=856%2C844&ssl=1\",\"width\":856,\"height\":844},{\"@type\":\"BreadcrumbList\",\"@id\":\"https:\\\/\\\/paolobtat2.com\\\/index.php\\\/paolo-b\\\/#breadcrumb\",\"itemListElement\":[{\"@type\":\"ListItem\",\"position\":1,\"name\":\"Home\",\"item\":\"https:\\\/\\\/paolobtat2.com\\\/\"},{\"@type\":\"ListItem\",\"position\":2,\"name\":\"Paolo B.\"}]},{\"@type\":\"WebSite\",\"@id\":\"https:\\\/\\\/paolobtat2.com\\\/#website\",\"url\":\"https:\\\/\\\/paolobtat2.com\\\/\",\"name\":\"Paolo B. Tattoo\",\"description\":\"\",\"publisher\":{\"@id\":\"https:\\\/\\\/paolobtat2.com\\\/#organization\"},\"potentialAction\":[{\"@type\":\"SearchAction\",\"target\":{\"@type\":\"EntryPoint\",\"urlTemplate\":\"https:\\\/\\\/paolobtat2.com\\\/?s={search_term_string}\"},\"query-input\":{\"@type\":\"PropertyValueSpecification\",\"valueRequired\":true,\"valueName\":\"search_term_string\"}}],\"inLanguage\":\"it-IT\"},{\"@type\":\"Organization\",\"@id\":\"https:\\\/\\\/paolobtat2.com\\\/#organization\",\"name\":\"Paolo B. Tattoo\",\"url\":\"https:\\\/\\\/paolobtat2.com\\\/\",\"logo\":{\"@type\":\"ImageObject\",\"inLanguage\":\"it-IT\",\"@id\":\"https:\\\/\\\/paolobtat2.com\\\/#\\\/schema\\\/logo\\\/image\\\/\",\"url\":\"https:\\\/\\\/paolobtat2.com\\\/wp-content\\\/uploads\\\/2015\\\/05\\\/e7da193cd4afe930a961f837a5d42b68.png\",\"contentUrl\":\"https:\\\/\\\/paolobtat2.com\\\/wp-content\\\/uploads\\\/2015\\\/05\\\/e7da193cd4afe930a961f837a5d42b68.png\",\"width\":256,\"height\":256,\"caption\":\"Paolo B. Tattoo\"},\"image\":{\"@id\":\"https:\\\/\\\/paolobtat2.com\\\/#\\\/schema\\\/logo\\\/image\\\/\"},\"sameAs\":[\"https:\\\/\\\/www.facebook.com\\\/Paolo-B-explicit-tattoos-593008864146709\\\/?fref=ts\",\"https:\\\/\\\/x.com\\\/paolobtat2\",\"https:\\\/\\\/www.instagram.com\\\/paolobtat2\\\/\"]}]}<\/script>\n<!-- \/ Yoast SEO plugin. -->","yoast_head_json":{"title":"Paolo B. - Paolo B. Tattoo","robots":{"index":"index","follow":"follow","max-snippet":"max-snippet:-1","max-image-preview":"max-image-preview:large","max-video-preview":"max-video-preview:-1"},"canonical":"https:\/\/paolobtat2.com\/index.php\/paolo-b\/","og_locale":"it_IT","og_type":"article","og_title":"Paolo B. - Paolo B. Tattoo","og_description":"Paolo B. nasce come ragioniere, ma inizia a tatuare quasi per gioco, viste le sue ottime doti di disegnatore a mano libera, nel 1995, quando a Pavia pochi si destreggiano in quest\u2019ambito.L\u2019anno successivo, nel 1996, ottiene di poter usufruire del suo primo \u201cpseudo-studio\u201d prestatogli da un ginecologo e un dentista nei momenti in cui non [&hellip;]","og_url":"https:\/\/paolobtat2.com\/index.php\/paolo-b\/","og_site_name":"Paolo B. Tattoo","article_publisher":"https:\/\/www.facebook.com\/Paolo-B-explicit-tattoos-593008864146709\/?fref=ts","article_modified_time":"2026-01-31T14:41:10+00:00","og_image":[{"url":"https:\/\/paolobtat2.com\/wp-content\/uploads\/2023\/04\/Immagine-WhatsApp-2023-04-28-ore-12.02.03-300x296.jpg","type":"","width":"","height":""}],"twitter_card":"summary_large_image","twitter_site":"@paolobtat2","twitter_misc":{"Tempo di lettura stimato":"2 minuti"},"schema":{"@context":"https:\/\/schema.org","@graph":[{"@type":"WebPage","@id":"https:\/\/paolobtat2.com\/index.php\/paolo-b\/","url":"https:\/\/paolobtat2.com\/index.php\/paolo-b\/","name":"Paolo B. - Paolo B. Tattoo","isPartOf":{"@id":"https:\/\/paolobtat2.com\/#website"},"primaryImageOfPage":{"@id":"https:\/\/paolobtat2.com\/index.php\/paolo-b\/#primaryimage"},"image":{"@id":"https:\/\/paolobtat2.com\/index.php\/paolo-b\/#primaryimage"},"thumbnailUrl":"https:\/\/paolobtat2.com\/wp-content\/uploads\/2023\/04\/Immagine-WhatsApp-2023-04-28-ore-12.02.03-300x296.jpg","datePublished":"2016-08-25T19:03:57+00:00","dateModified":"2026-01-31T14:41:10+00:00","breadcrumb":{"@id":"https:\/\/paolobtat2.com\/index.php\/paolo-b\/#breadcrumb"},"inLanguage":"it-IT","potentialAction":[{"@type":"ReadAction","target":["https:\/\/paolobtat2.com\/index.php\/paolo-b\/"]}]},{"@type":"ImageObject","inLanguage":"it-IT","@id":"https:\/\/paolobtat2.com\/index.php\/paolo-b\/#primaryimage","url":"https:\/\/i0.wp.com\/paolobtat2.com\/wp-content\/uploads\/2023\/04\/Immagine-WhatsApp-2023-04-28-ore-12.02.03.jpg?fit=856%2C844&ssl=1","contentUrl":"https:\/\/i0.wp.com\/paolobtat2.com\/wp-content\/uploads\/2023\/04\/Immagine-WhatsApp-2023-04-28-ore-12.02.03.jpg?fit=856%2C844&ssl=1","width":856,"height":844},{"@type":"BreadcrumbList","@id":"https:\/\/paolobtat2.com\/index.php\/paolo-b\/#breadcrumb","itemListElement":[{"@type":"ListItem","position":1,"name":"Home","item":"https:\/\/paolobtat2.com\/"},{"@type":"ListItem","position":2,"name":"Paolo B."}]},{"@type":"WebSite","@id":"https:\/\/paolobtat2.com\/#website","url":"https:\/\/paolobtat2.com\/","name":"Paolo B. Tattoo","description":"","publisher":{"@id":"https:\/\/paolobtat2.com\/#organization"},"potentialAction":[{"@type":"SearchAction","target":{"@type":"EntryPoint","urlTemplate":"https:\/\/paolobtat2.com\/?s={search_term_string}"},"query-input":{"@type":"PropertyValueSpecification","valueRequired":true,"valueName":"search_term_string"}}],"inLanguage":"it-IT"},{"@type":"Organization","@id":"https:\/\/paolobtat2.com\/#organization","name":"Paolo B. Tattoo","url":"https:\/\/paolobtat2.com\/","logo":{"@type":"ImageObject","inLanguage":"it-IT","@id":"https:\/\/paolobtat2.com\/#\/schema\/logo\/image\/","url":"https:\/\/paolobtat2.com\/wp-content\/uploads\/2015\/05\/e7da193cd4afe930a961f837a5d42b68.png","contentUrl":"https:\/\/paolobtat2.com\/wp-content\/uploads\/2015\/05\/e7da193cd4afe930a961f837a5d42b68.png","width":256,"height":256,"caption":"Paolo B. Tattoo"},"image":{"@id":"https:\/\/paolobtat2.com\/#\/schema\/logo\/image\/"},"sameAs":["https:\/\/www.facebook.com\/Paolo-B-explicit-tattoos-593008864146709\/?fref=ts","https:\/\/x.com\/paolobtat2","https:\/\/www.instagram.com\/paolobtat2\/"]}]}},"jetpack_sharing_enabled":true,"jetpack-related-posts":[],"_links":{"self":[{"href":"https:\/\/paolobtat2.com\/index.php\/wp-json\/wp\/v2\/pages\/1904","targetHints":{"allow":["GET"]}}],"collection":[{"href":"https:\/\/paolobtat2.com\/index.php\/wp-json\/wp\/v2\/pages"}],"about":[{"href":"https:\/\/paolobtat2.com\/index.php\/wp-json\/wp\/v2\/types\/page"}],"author":[{"embeddable":true,"href":"https:\/\/paolobtat2.com\/index.php\/wp-json\/wp\/v2\/users\/2"}],"replies":[{"embeddable":true,"href":"https:\/\/paolobtat2.com\/index.php\/wp-json\/wp\/v2\/comments?post=1904"}],"version-history":[{"count":46,"href":"https:\/\/paolobtat2.com\/index.php\/wp-json\/wp\/v2\/pages\/1904\/revisions"}],"predecessor-version":[{"id":3065,"href":"https:\/\/paolobtat2.com\/index.php\/wp-json\/wp\/v2\/pages\/1904\/revisions\/3065"}],"wp:attachment":[{"href":"https:\/\/paolobtat2.com\/index.php\/wp-json\/wp\/v2\/media?parent=1904"}],"curies":[{"name":"wp","href":"https:\/\/api.w.org\/{rel}","templated":true}]}}